{"id":2569,"date":"2020-07-19T20:59:51","date_gmt":"2020-07-19T20:59:51","guid":{"rendered":"https:\/\/dev.paikz.artplus.pl\/?page_id=2569"},"modified":"2021-08-24T21:21:37","modified_gmt":"2021-08-24T21:21:37","slug":"portfolio-listed-buildings","status":"publish","type":"page","link":"http:\/\/paikz.com\/pl\/portfolio-listed-buildings\/","title":{"rendered":"Obiekty zabytkowe"},"content":{"rendered":"<div  class=\"eut-section\"  data-section-type=\"fullwidth-element\" data-image-type=\"none\" data-full-height=\"no\">  <div  class=\"eut-row eut-bookmark\">\n\t\t<div class=\"wpb_column eut-column-1\">\n\t\t\t\t\t\t<div class=\"eut-element eut-with-gap eut-portfolio eut-isotope\" style=\"\" data-gutter=\"yes\" data-spinner=\"no\" data-columns=\"4\" data-columns-tablet-landscape=\"4\" data-columns-tablet-portrait=\"2\" data-columns-mobile=\"1\" data-layout=\"fitRows\">\n\t\t\t\t\t\t<div class=\"eut-filter eut-align-center\">\n\t\t\t\t\t<ul>\n\t\t\t\t\t\t<li data-filter=\"*\" class=\"selected\"><span>All<\/span><\/li><li data-filter=\".portfolio_category-public-utility-listed-buildings\"><span>Obiekty u\u017cyteczno\u015bci publicznej<\/span><\/li><li data-filter=\".portfolio_category-residencial-listed-buildings\"><span>Budynki mieszkalne<\/span><\/li>\t\t\t\t\t<\/ul>\n\t\t\t\t<\/div>\n\t\t\n\t\t\t<div class=\"eut-isotope-container\">\n\t\t\t\t\t\t\t<article id=\"portfolio-2860-69d657c60a166\" class=\"eut-isotope-item eut-portfolio-item  post-2860 portfolio type-portfolio status-publish has-post-thumbnail hentry portfolio_category-listed portfolio_category-public-utility-listed-buildings\">\n\t\t\t\t\t\t\t\t\t\t\t\t\t<div class=\"eut-isotope-item-inner eut-fadeInUp\">\n\t\t\t\t\t\t\t\t\t\t\t\t\t<a href=\"http:\/\/paikz.com\/pl\/portfolio\/arrases-exhibition-wawel-krk\/\">\n\t\t\t\t\t\t\t\t\t\t\t\t<figure class=\"eut-hover-style-1 eut-image-hover eut-zoom-in eut-dark\">\n\n\t\t\t\t\t\t\t\t\t<div class=\"eut-media eut-dark-overlay eut-opacity-90\">\n\t\t\t\t\t\t\t\t\t\t\t\t<img src=\"http:\/\/paikz.com\/wp-content\/uploads\/2020\/10\/FB_2-1-1-600x600.jpg\" title=\"WYSTAWA ARRASY WAWEL KRK\" alt=\"ARRASES EXHIBITION WAWEL KRK\" width=\"600\" height=\"600\"\/>\n\t\t\t\t\t\t\t\t\t<\/div>\n\t\t\t\t\t\t\t\t\t<figcaption>\n\t\t\t\t\t\t\t\t\t\t\t\t\t\t\t\t\t\t\t\t\t\t\t\t\t\t\t\t\t\t<div class=\"eut-link-text eut-title eut-dark\">WYSTAWA ARRASY WAWEL KRK<\/div>\n\t\t\t\t\t\t\t\t\t\t\t\t\t\t\t\t\t\t\t\t\t\t\t\t\t\t\t\t\t\t<span class=\"eut-caption eut-dark\">Zamek Kr\u00f3lewski na Wawelu \u2013 Pa\u0144stwowe Zbiory Sztuki 2020<\/span>\n\t\t\t\t\t\t\t\t\t\t\t\t\t\t\t\t\t\t\t\t\t\t\t\t\t\t\t\t\t\t<span class=\"eut-portfolio-btns\"><\/span>\n\t\t\t\t\t\t\t\t\t\t\t\t\t\t\t\t\t\t\t<\/figcaption>\n\t\t\t\t\t\t\t\t<\/figure>\n\t\t\t\t\t\t\t\t<\/a>\t\t\t\t\t\t\t<\/div>\n\t\t\t\t\t\t\n\t\t\t\t\t<\/article>\n\t\t\t\t\t<article id=\"portfolio-2976-69d657c60ba4e\" class=\"eut-isotope-item eut-portfolio-item  post-2976 portfolio type-portfolio status-publish has-post-thumbnail hentry portfolio_category-interiors portfolio_category-listed portfolio_category-public-utility-listed-buildings portfolio_category-public-utility-interiors-interiors\">\n\t\t\t\t\t\t\t\t\t\t\t\t\t<div class=\"eut-isotope-item-inner eut-fadeInUp\">\n\t\t\t\t\t\t\t\t\t\t\t\t\t<a href=\"http:\/\/paikz.com\/pl\/portfolio\/new-gallery-mnk-krk\/\">\n\t\t\t\t\t\t\t\t\t\t\t\t<figure class=\"eut-hover-style-1 eut-image-hover eut-zoom-in eut-dark\">\n\n\t\t\t\t\t\t\t\t\t<div class=\"eut-media eut-dark-overlay eut-opacity-90\">\n\t\t\t\t\t\t\t\t\t\t\t\t<img src=\"http:\/\/paikz.com\/wp-content\/uploads\/2020\/10\/FB_346_WIZ-03_final-e1603372747297-600x600.jpg\" title=\"NOWA GALERIA MNK KRK\" alt=\"NEW GALLERY MNK KRK\" width=\"600\" height=\"600\"\/>\n\t\t\t\t\t\t\t\t\t<\/div>\n\t\t\t\t\t\t\t\t\t<figcaption>\n\t\t\t\t\t\t\t\t\t\t\t\t\t\t\t\t\t\t\t\t\t\t\t\t\t\t\t\t\t\t<div class=\"eut-link-text eut-title eut-dark\">NOWA GALERIA MNK KRK<\/div>\n\t\t\t\t\t\t\t\t\t\t\t\t\t\t\t\t\t\t\t\t\t\t\t\t\t\t\t\t\t\t<span class=\"eut-caption eut-dark\">projekt konkursowy 2019<\/span>\n\t\t\t\t\t\t\t\t\t\t\t\t\t\t\t\t\t\t\t\t\t\t\t\t\t\t\t\t\t\t<span class=\"eut-portfolio-btns\"><\/span>\n\t\t\t\t\t\t\t\t\t\t\t\t\t\t\t\t\t\t\t<\/figcaption>\n\t\t\t\t\t\t\t\t<\/figure>\n\t\t\t\t\t\t\t\t<\/a>\t\t\t\t\t\t\t<\/div>\n\t\t\t\t\t\t\n\t\t\t\t\t<\/article>\n\t\t\t\t\t<article id=\"portfolio-2875-69d657c60d103\" class=\"eut-isotope-item eut-portfolio-item  post-2875 portfolio type-portfolio status-publish has-post-thumbnail hentry portfolio_category-listed portfolio_category-residencial-listed-buildings\">\n\t\t\t\t\t\t\t\t\t\t\t\t\t<div class=\"eut-isotope-item-inner eut-fadeInUp\">\n\t\t\t\t\t\t\t\t\t\t\t\t\t<a href=\"http:\/\/paikz.com\/pl\/portfolio\/xix-century-manor\/\">\n\t\t\t\t\t\t\t\t\t\t\t\t<figure class=\"eut-hover-style-1 eut-image-hover eut-zoom-in eut-dark\">\n\n\t\t\t\t\t\t\t\t\t<div class=\"eut-media eut-dark-overlay eut-opacity-90\">\n\t\t\t\t\t\t\t\t\t\t\t\t<img src=\"http:\/\/paikz.com\/wp-content\/uploads\/2020\/10\/FB_Dwor_Gabinet_1-600x600.jpg\" title=\"XIX &#8211; CENTURY MANOR\" alt=\"XIX &#8211; CENTURY MANOR\" width=\"600\" height=\"600\"\/>\n\t\t\t\t\t\t\t\t\t<\/div>\n\t\t\t\t\t\t\t\t\t<figcaption>\n\t\t\t\t\t\t\t\t\t\t\t\t\t\t\t\t\t\t\t\t\t\t\t\t\t\t\t\t\t\t<div class=\"eut-link-text eut-title eut-dark\">ZA\u0141O\u017bENIE DWORSKIE XIX W.<\/div>\n\t\t\t\t\t\t\t\t\t\t\t\t\t\t\t\t\t\t\t\t\t\t\t\t\t\t\t\t\t\t<span class=\"eut-caption eut-dark\">Wojew\u00f3dztwo \u015bl\u0105skie 2018<\/span>\n\t\t\t\t\t\t\t\t\t\t\t\t\t\t\t\t\t\t\t\t\t\t\t\t\t\t\t\t\t\t<span class=\"eut-portfolio-btns\"><\/span>\n\t\t\t\t\t\t\t\t\t\t\t\t\t\t\t\t\t\t\t<\/figcaption>\n\t\t\t\t\t\t\t\t<\/figure>\n\t\t\t\t\t\t\t\t<\/a>\t\t\t\t\t\t\t<\/div>\n\t\t\t\t\t\t\n\t\t\t\t\t<\/article>\n\t\t\t\t\t<article id=\"portfolio-2764-69d657c60e5c1\" class=\"eut-isotope-item eut-portfolio-item  post-2764 portfolio type-portfolio status-publish has-post-thumbnail hentry portfolio_category-architecture portfolio_category-listed portfolio_category-residencial-buildings portfolio_category-residencial-listed-buildings\">\n\t\t\t\t\t\t\t\t\t\t\t\t\t<div class=\"eut-isotope-item-inner eut-fadeInUp\">\n\t\t\t\t\t\t\t\t\t\t\t\t\t<a href=\"http:\/\/paikz.com\/pl\/portfolio\/camedul-s-inn-krk\/\">\n\t\t\t\t\t\t\t\t\t\t\t\t<figure class=\"eut-hover-style-1 eut-image-hover eut-zoom-in eut-dark\">\n\n\t\t\t\t\t\t\t\t\t<div class=\"eut-media eut-dark-overlay eut-opacity-90\">\n\t\t\t\t\t\t\t\t\t\t\t\t<img src=\"http:\/\/paikz.com\/wp-content\/uploads\/2018\/10\/2020_PAiKZ_1-600x600.jpg\" title=\"KARCZMA KAMEDULSKA KRK\" alt=\"CAMEDUL\u2019 S INN KRK\" width=\"600\" height=\"600\"\/>\n\t\t\t\t\t\t\t\t\t<\/div>\n\t\t\t\t\t\t\t\t\t<figcaption>\n\t\t\t\t\t\t\t\t\t\t\t\t\t\t\t\t\t\t\t\t\t\t\t\t\t\t\t\t\t\t<div class=\"eut-link-text eut-title eut-dark\">KARCZMA KAMEDULSKA KRK<\/div>\n\t\t\t\t\t\t\t\t\t\t\t\t\t\t\t\t\t\t\t\t\t\t\t\t\t\t\t\t\t\t<span class=\"eut-caption eut-dark\">Krak\u00f3w 2018<\/span>\n\t\t\t\t\t\t\t\t\t\t\t\t\t\t\t\t\t\t\t\t\t\t\t\t\t\t\t\t\t\t<span class=\"eut-portfolio-btns\"><\/span>\n\t\t\t\t\t\t\t\t\t\t\t\t\t\t\t\t\t\t\t<\/figcaption>\n\t\t\t\t\t\t\t\t<\/figure>\n\t\t\t\t\t\t\t\t<\/a>\t\t\t\t\t\t\t<\/div>\n\t\t\t\t\t\t\n\t\t\t\t\t<\/article>\n\t\t\t\t\t<article id=\"portfolio-2869-69d657c60fafc\" class=\"eut-isotope-item eut-portfolio-item  post-2869 portfolio type-portfolio status-publish has-post-thumbnail hentry portfolio_category-interiors portfolio_category-listed portfolio_category-residencial-listed-buildings portfolio_category-residencial-interiors-interiors\">\n\t\t\t\t\t\t\t\t\t\t\t\t\t<div class=\"eut-isotope-item-inner eut-fadeInUp\">\n\t\t\t\t\t\t\t\t\t\t\t\t\t<a href=\"http:\/\/paikz.com\/pl\/portfolio\/angel-wawel-apt-krk\/\">\n\t\t\t\t\t\t\t\t\t\t\t\t<figure class=\"eut-hover-style-1 eut-image-hover eut-zoom-in eut-dark\">\n\n\t\t\t\t\t\t\t\t\t<div class=\"eut-media eut-dark-overlay eut-opacity-90\">\n\t\t\t\t\t\t\t\t\t\t\t\t<img src=\"http:\/\/paikz.com\/wp-content\/uploads\/2020\/10\/FB_PAiKZ_Koletek_1-e1603376124308-600x600.jpg\" title=\"ANGEL WAWEL APT. KRK\" alt=\"ANGEL WAWEL APT. KRK\" width=\"600\" height=\"600\"\/>\n\t\t\t\t\t\t\t\t\t<\/div>\n\t\t\t\t\t\t\t\t\t<figcaption>\n\t\t\t\t\t\t\t\t\t\t\t\t\t\t\t\t\t\t\t\t\t\t\t\t\t\t\t\t\t\t<div class=\"eut-link-text eut-title eut-dark\">ANGEL WAWEL APT. KRK<\/div>\n\t\t\t\t\t\t\t\t\t\t\t\t\t\t\t\t\t\t\t\t\t\t\t\t\t\t\t\t\t\t<span class=\"eut-caption eut-dark\">Krak\u00f3w 2017<\/span>\n\t\t\t\t\t\t\t\t\t\t\t\t\t\t\t\t\t\t\t\t\t\t\t\t\t\t\t\t\t\t<span class=\"eut-portfolio-btns\"><\/span>\n\t\t\t\t\t\t\t\t\t\t\t\t\t\t\t\t\t\t\t<\/figcaption>\n\t\t\t\t\t\t\t\t<\/figure>\n\t\t\t\t\t\t\t\t<\/a>\t\t\t\t\t\t\t<\/div>\n\t\t\t\t\t\t\n\t\t\t\t\t<\/article>\n\t\t\t\t\t<article id=\"portfolio-2546-69d657c611117\" class=\"eut-isotope-item eut-portfolio-item  post-2546 portfolio type-portfolio status-publish has-post-thumbnail hentry portfolio_category-architecture portfolio_category-listed portfolio_category-public-utility-buildings portfolio_category-public-utility-listed-buildings\">\n\t\t\t\t\t\t\t\t\t\t\t\t\t<div class=\"eut-isotope-item-inner eut-fadeInUp\">\n\t\t\t\t\t\t\t\t\t\t\t\t\t<a href=\"http:\/\/paikz.com\/pl\/portfolio\/konkurs-mnk\/\">\n\t\t\t\t\t\t\t\t\t\t\t\t<figure class=\"eut-hover-style-1 eut-image-hover eut-zoom-in eut-dark\">\n\n\t\t\t\t\t\t\t\t\t<div class=\"eut-media eut-dark-overlay eut-opacity-90\">\n\t\t\t\t\t\t\t\t\t\t\t\t<img src=\"http:\/\/paikz.com\/wp-content\/uploads\/2011\/07\/m1-noc.RGB_color.0000-min-600x600.jpg\" title=\"PLAC NMK KRK\" alt=\"SQUARE NMK KRK\" width=\"600\" height=\"600\"\/>\n\t\t\t\t\t\t\t\t\t<\/div>\n\t\t\t\t\t\t\t\t\t<figcaption>\n\t\t\t\t\t\t\t\t\t\t\t\t\t\t\t\t\t\t\t\t\t\t\t\t\t\t\t\t\t\t<div class=\"eut-link-text eut-title eut-dark\">PLAC NMK KRK<\/div>\n\t\t\t\t\t\t\t\t\t\t\t\t\t\t\t\t\t\t\t\t\t\t\t\t\t\t\t\t\t\t<span class=\"eut-caption eut-dark\">Projekt konkursowy Krak\u00f3w 2011<\/span>\n\t\t\t\t\t\t\t\t\t\t\t\t\t\t\t\t\t\t\t\t\t\t\t\t\t\t\t\t\t\t<span class=\"eut-portfolio-btns\"><\/span>\n\t\t\t\t\t\t\t\t\t\t\t\t\t\t\t\t\t\t\t<\/figcaption>\n\t\t\t\t\t\t\t\t<\/figure>\n\t\t\t\t\t\t\t\t<\/a>\t\t\t\t\t\t\t<\/div>\n\t\t\t\t\t\t\n\t\t\t\t\t<\/article>\n\t\t\t\t\t<article id=\"portfolio-2842-69d657c61230a\" class=\"eut-isotope-item eut-portfolio-item  post-2842 portfolio type-portfolio status-publish has-post-thumbnail hentry portfolio_category-interiors portfolio_category-listed portfolio_category-public-utility-listed-buildings portfolio_category-public-utility-interiors-interiors\">\n\t\t\t\t\t\t\t\t\t\t\t\t\t<div class=\"eut-isotope-item-inner eut-fadeInUp\">\n\t\t\t\t\t\t\t\t\t\t\t\t\t<a href=\"http:\/\/paikz.com\/pl\/portfolio\/foreign-office-waw\/\">\n\t\t\t\t\t\t\t\t\t\t\t\t<figure class=\"eut-hover-style-1 eut-image-hover eut-zoom-in eut-dark\">\n\n\t\t\t\t\t\t\t\t\t<div class=\"eut-media eut-dark-overlay eut-opacity-90\">\n\t\t\t\t\t\t\t\t\t\t\t\t<img src=\"http:\/\/paikz.com\/wp-content\/uploads\/2009\/12\/FB_1-3-e1603376517911-600x600.png\" title=\"MSZ SZUCHA WARSZAWA\" alt=\"FOREIGN OFFICE WAW\" width=\"600\" height=\"600\"\/>\n\t\t\t\t\t\t\t\t\t<\/div>\n\t\t\t\t\t\t\t\t\t<figcaption>\n\t\t\t\t\t\t\t\t\t\t\t\t\t\t\t\t\t\t\t\t\t\t\t\t\t\t\t\t\t\t<div class=\"eut-link-text eut-title eut-dark\">MSZ SZUCHA WARSZAWA<\/div>\n\t\t\t\t\t\t\t\t\t\t\t\t\t\t\t\t\t\t\t\t\t\t\t\t\t\t\t\t\t\t<span class=\"eut-caption eut-dark\">Projekt konkursowy 2009<\/span>\n\t\t\t\t\t\t\t\t\t\t\t\t\t\t\t\t\t\t\t\t\t\t\t\t\t\t\t\t\t\t<span class=\"eut-portfolio-btns\"><\/span>\n\t\t\t\t\t\t\t\t\t\t\t\t\t\t\t\t\t\t\t<\/figcaption>\n\t\t\t\t\t\t\t\t<\/figure>\n\t\t\t\t\t\t\t\t<\/a>\t\t\t\t\t\t\t<\/div>\n\t\t\t\t\t\t\n\t\t\t\t\t<\/article>\n\t\t\t\t\t<article id=\"portfolio-2839-69d657c61359b\" class=\"eut-isotope-item eut-portfolio-item  post-2839 portfolio type-portfolio status-publish has-post-thumbnail hentry portfolio_category-listed portfolio_category-public-utility-listed-buildings\">\n\t\t\t\t\t\t\t\t\t\t\t\t\t<div class=\"eut-isotope-item-inner eut-fadeInUp\">\n\t\t\t\t\t\t\t\t\t\t\t\t\t<a href=\"http:\/\/paikz.com\/pl\/portfolio\/agh-pavilion-a-0-aula-krk\/\">\n\t\t\t\t\t\t\t\t\t\t\t\t<figure class=\"eut-hover-style-1 eut-image-hover eut-zoom-in eut-dark\">\n\n\t\t\t\t\t\t\t\t\t<div class=\"eut-media eut-dark-overlay eut-opacity-90\">\n\t\t\t\t\t\t\t\t\t\t\t\t<img src=\"http:\/\/paikz.com\/wp-content\/uploads\/2020\/10\/FB_IMG_0839-copy-e1603376577188-600x600.jpg\" title=\"AGH PAWILON A-0 AULA KRK\" alt=\"AGH PAVILION A-0 AULA KRK\" width=\"600\" height=\"600\"\/>\n\t\t\t\t\t\t\t\t\t<\/div>\n\t\t\t\t\t\t\t\t\t<figcaption>\n\t\t\t\t\t\t\t\t\t\t\t\t\t\t\t\t\t\t\t\t\t\t\t\t\t\t\t\t\t\t<div class=\"eut-link-text eut-title eut-dark\">AGH PAWILON A-0 AULA KRK<\/div>\n\t\t\t\t\t\t\t\t\t\t\t\t\t\t\t\t\t\t\t\t\t\t\t\t\t\t\t\t\t\t<span class=\"eut-caption eut-dark\">Krak\u00f3w 2009<\/span>\n\t\t\t\t\t\t\t\t\t\t\t\t\t\t\t\t\t\t\t\t\t\t\t\t\t\t\t\t\t\t<span class=\"eut-portfolio-btns\"><\/span>\n\t\t\t\t\t\t\t\t\t\t\t\t\t\t\t\t\t\t\t<\/figcaption>\n\t\t\t\t\t\t\t\t<\/figure>\n\t\t\t\t\t\t\t\t<\/a>\t\t\t\t\t\t\t<\/div>\n\t\t\t\t\t\t\n\t\t\t\t\t<\/article>\n\t\t\t\t\t<article id=\"portfolio-2951-69d657c614744\" class=\"eut-isotope-item eut-portfolio-item  post-2951 portfolio type-portfolio status-publish has-post-thumbnail hentry portfolio_category-interiors portfolio_category-listed portfolio_category-public-utility-listed-buildings portfolio_category-public-utility-interiors-interiors\">\n\t\t\t\t\t\t\t\t\t\t\t\t\t<div class=\"eut-isotope-item-inner eut-fadeInUp\">\n\t\t\t\t\t\t\t\t\t\t\t\t\t<a href=\"http:\/\/paikz.com\/pl\/portfolio\/national-museum-krk\/\">\n\t\t\t\t\t\t\t\t\t\t\t\t<figure class=\"eut-hover-style-1 eut-image-hover eut-zoom-in eut-dark\">\n\n\t\t\t\t\t\t\t\t\t<div class=\"eut-media eut-dark-overlay eut-opacity-90\">\n\t\t\t\t\t\t\t\t\t\t\t\t<img src=\"http:\/\/paikz.com\/wp-content\/uploads\/2020\/10\/FB_6_W3_antresola-e1603374101808-600x600.jpg\" title=\"MNK ANALIZY KRK\" alt=\"NATIONAL MUSEUM KRK\" width=\"600\" height=\"600\"\/>\n\t\t\t\t\t\t\t\t\t<\/div>\n\t\t\t\t\t\t\t\t\t<figcaption>\n\t\t\t\t\t\t\t\t\t\t\t\t\t\t\t\t\t\t\t\t\t\t\t\t\t\t\t\t\t\t<div class=\"eut-link-text eut-title eut-dark\">MNK ANALIZY KRK<\/div>\n\t\t\t\t\t\t\t\t\t\t\t\t\t\t\t\t\t\t\t\t\t\t\t\t\t\t\t\t\t\t<span class=\"eut-caption eut-dark\">Projekt Analizy funkcjonalno-przestrzenne 2008<\/span>\n\t\t\t\t\t\t\t\t\t\t\t\t\t\t\t\t\t\t\t\t\t\t\t\t\t\t\t\t\t\t<span class=\"eut-portfolio-btns\"><\/span>\n\t\t\t\t\t\t\t\t\t\t\t\t\t\t\t\t\t\t\t<\/figcaption>\n\t\t\t\t\t\t\t\t<\/figure>\n\t\t\t\t\t\t\t\t<\/a>\t\t\t\t\t\t\t<\/div>\n\t\t\t\t\t\t\n\t\t\t\t\t<\/article>\n\t\t\t\t\t<article id=\"portfolio-2856-69d657c61618a\" class=\"eut-isotope-item eut-portfolio-item  post-2856 portfolio type-portfolio status-publish has-post-thumbnail hentry portfolio_category-listed portfolio_category-public-utility-listed-buildings\">\n\t\t\t\t\t\t\t\t\t\t\t\t\t<div class=\"eut-isotope-item-inner eut-fadeInUp\">\n\t\t\t\t\t\t\t\t\t\t\t\t\t<a href=\"http:\/\/paikz.com\/pl\/portfolio\/hotel-wadowice\/\">\n\t\t\t\t\t\t\t\t\t\t\t\t<figure class=\"eut-hover-style-1 eut-image-hover eut-zoom-in eut-dark\">\n\n\t\t\t\t\t\t\t\t\t<div class=\"eut-media eut-dark-overlay eut-opacity-90\">\n\t\t\t\t\t\t\t\t\t\t\t\t<img src=\"http:\/\/paikz.com\/wp-content\/uploads\/2008\/10\/FB_orto_4-e1603463373849-600x600.png\" title=\"HOTEL WADOWICE\" alt=\"HOTEL WADOWICE\" width=\"600\" height=\"600\"\/>\n\t\t\t\t\t\t\t\t\t<\/div>\n\t\t\t\t\t\t\t\t\t<figcaption>\n\t\t\t\t\t\t\t\t\t\t\t\t\t\t\t\t\t\t\t\t\t\t\t\t\t\t\t\t\t\t<div class=\"eut-link-text eut-title eut-dark\">HOTEL WADOWICE<\/div>\n\t\t\t\t\t\t\t\t\t\t\t\t\t\t\t\t\t\t\t\t\t\t\t\t\t\t\t\t\t\t<span class=\"eut-caption eut-dark\">Projekt konkursowy 2008<\/span>\n\t\t\t\t\t\t\t\t\t\t\t\t\t\t\t\t\t\t\t\t\t\t\t\t\t\t\t\t\t\t<span class=\"eut-portfolio-btns\"><\/span>\n\t\t\t\t\t\t\t\t\t\t\t\t\t\t\t\t\t\t\t<\/figcaption>\n\t\t\t\t\t\t\t\t<\/figure>\n\t\t\t\t\t\t\t\t<\/a>\t\t\t\t\t\t\t<\/div>\n\t\t\t\t\t\t\n\t\t\t\t\t<\/article>\n\t\t\t\t\t<article id=\"portfolio-2538-69d657c617414\" class=\"eut-isotope-item eut-portfolio-item  post-2538 portfolio type-portfolio status-publish has-post-thumbnail hentry portfolio_category-architecture portfolio_category-listed portfolio_category-public-utility-buildings portfolio_category-public-utility-listed-buildings\">\n\t\t\t\t\t\t\t\t\t\t\t\t\t<div class=\"eut-isotope-item-inner eut-fadeInUp\">\n\t\t\t\t\t\t\t\t\t\t\t\t\t<a href=\"http:\/\/paikz.com\/pl\/portfolio\/dwor-laszczykow\/\">\n\t\t\t\t\t\t\t\t\t\t\t\t<figure class=\"eut-hover-style-1 eut-image-hover eut-zoom-in eut-dark\">\n\n\t\t\t\t\t\t\t\t\t<div class=\"eut-media eut-dark-overlay eut-opacity-90\">\n\t\t\t\t\t\t\t\t\t\t\t\t<img src=\"http:\/\/paikz.com\/wp-content\/uploads\/2020\/07\/FB_Back-e1603378264896-600x600.jpg\" title=\"DW\u00d3R LASZCZYK\u00d3W KIELCE\" alt=\"LASZCZYK\u00d3W MANOR KIELCE\" width=\"600\" height=\"600\"\/>\n\t\t\t\t\t\t\t\t\t<\/div>\n\t\t\t\t\t\t\t\t\t<figcaption>\n\t\t\t\t\t\t\t\t\t\t\t\t\t\t\t\t\t\t\t\t\t\t\t\t\t\t\t\t\t\t<div class=\"eut-link-text eut-title eut-dark\">DW\u00d3R LASZCZYK\u00d3W KIELCE<\/div>\n\t\t\t\t\t\t\t\t\t\t\t\t\t\t\t\t\t\t\t\t\t\t\t\t\t\t\t\t\t\t<span class=\"eut-caption eut-dark\">Projekt konkursowy 2007<\/span>\n\t\t\t\t\t\t\t\t\t\t\t\t\t\t\t\t\t\t\t\t\t\t\t\t\t\t\t\t\t\t<span class=\"eut-portfolio-btns\"><\/span>\n\t\t\t\t\t\t\t\t\t\t\t\t\t\t\t\t\t\t\t<\/figcaption>\n\t\t\t\t\t\t\t\t<\/figure>\n\t\t\t\t\t\t\t\t<\/a>\t\t\t\t\t\t\t<\/div>\n\t\t\t\t\t\t\n\t\t\t\t\t<\/article>\n\t\t\t\t\t<article id=\"portfolio-2864-69d657c618696\" class=\"eut-isotope-item eut-portfolio-item  post-2864 portfolio type-portfolio status-publish has-post-thumbnail hentry portfolio_category-interiors portfolio_category-listed portfolio_category-residencial-listed-buildings portfolio_category-residencial-interiors-interiors\">\n\t\t\t\t\t\t\t\t\t\t\t\t\t<div class=\"eut-isotope-item-inner eut-fadeInUp\">\n\t\t\t\t\t\t\t\t\t\t\t\t\t<a href=\"http:\/\/paikz.com\/pl\/portfolio\/main-square-apt-krk\/\">\n\t\t\t\t\t\t\t\t\t\t\t\t<figure class=\"eut-hover-style-1 eut-image-hover eut-zoom-in eut-dark\">\n\n\t\t\t\t\t\t\t\t\t<div class=\"eut-media eut-dark-overlay eut-opacity-90\">\n\t\t\t\t\t\t\t\t\t\t\t\t<img src=\"http:\/\/paikz.com\/wp-content\/uploads\/2005\/10\/FB_3_mieszkanie12-1120x1120-1-600x600.jpg\" title=\"RYNEK G\u0141\u00d3WNY APT. KRK\" alt=\"MAIN SQUARE APT. KRK\" width=\"600\" height=\"600\"\/>\n\t\t\t\t\t\t\t\t\t<\/div>\n\t\t\t\t\t\t\t\t\t<figcaption>\n\t\t\t\t\t\t\t\t\t\t\t\t\t\t\t\t\t\t\t\t\t\t\t\t\t\t\t\t\t\t<div class=\"eut-link-text eut-title eut-dark\">RYNEK G\u0141\u00d3WNY APT. KRK<\/div>\n\t\t\t\t\t\t\t\t\t\t\t\t\t\t\t\t\t\t\t\t\t\t\t\t\t\t\t\t\t\t<span class=\"eut-caption eut-dark\">Krak\u00f3w Rynek G\u0142\u00f3wny 2005<\/span>\n\t\t\t\t\t\t\t\t\t\t\t\t\t\t\t\t\t\t\t\t\t\t\t\t\t\t\t\t\t\t<span class=\"eut-portfolio-btns\"><\/span>\n\t\t\t\t\t\t\t\t\t\t\t\t\t\t\t\t\t\t\t<\/figcaption>\n\t\t\t\t\t\t\t\t<\/figure>\n\t\t\t\t\t\t\t\t<\/a>\t\t\t\t\t\t\t<\/div>\n\t\t\t\t\t\t\n\t\t\t\t\t<\/article>\n\t\t\t\t\t<article id=\"portfolio-2846-69d657c619918\" class=\"eut-isotope-item eut-portfolio-item  post-2846 portfolio type-portfolio status-publish has-post-thumbnail hentry portfolio_category-interiors portfolio_category-listed portfolio_category-public-utility-listed-buildings portfolio_category-public-utility-interiors-interiors\">\n\t\t\t\t\t\t\t\t\t\t\t\t\t<div class=\"eut-isotope-item-inner eut-fadeInUp\">\n\t\t\t\t\t\t\t\t\t\t\t\t\t<a href=\"http:\/\/paikz.com\/pl\/portfolio\/napoleon-s-inn-waw\/\">\n\t\t\t\t\t\t\t\t\t\t\t\t<figure class=\"eut-hover-style-1 eut-image-hover eut-zoom-in eut-dark\">\n\n\t\t\t\t\t\t\t\t\t<div class=\"eut-media eut-dark-overlay eut-opacity-90\">\n\t\t\t\t\t\t\t\t\t\t\t\t<img src=\"http:\/\/paikz.com\/wp-content\/uploads\/2020\/10\/FB_DSC_9798-e1603376419163-600x600.jpg\" title=\"NAPOLEON&#8217; S INN WAW\" alt=\"NAPOLEON&#8217; S INN WAW\" width=\"600\" height=\"600\"\/>\n\t\t\t\t\t\t\t\t\t<\/div>\n\t\t\t\t\t\t\t\t\t<figcaption>\n\t\t\t\t\t\t\t\t\t\t\t\t\t\t\t\t\t\t\t\t\t\t\t\t\t\t\t\t\t\t<div class=\"eut-link-text eut-title eut-dark\">ZAJAZD NAPOLEO\u0143SKI WAW<\/div>\n\t\t\t\t\t\t\t\t\t\t\t\t\t\t\t\t\t\t\t\t\t\t\t\t\t\t\t\t\t\t<span class=\"eut-caption eut-dark\">Warszawa ul. P\u0142owiecka 2004<\/span>\n\t\t\t\t\t\t\t\t\t\t\t\t\t\t\t\t\t\t\t\t\t\t\t\t\t\t\t\t\t\t<span class=\"eut-portfolio-btns\"><\/span>\n\t\t\t\t\t\t\t\t\t\t\t\t\t\t\t\t\t\t\t<\/figcaption>\n\t\t\t\t\t\t\t\t<\/figure>\n\t\t\t\t\t\t\t\t<\/a>\t\t\t\t\t\t\t<\/div>\n\t\t\t\t\t\t\n\t\t\t\t\t<\/article>\n\t\t\t\t\t<article id=\"portfolio-2882-69d657c61b04a\" class=\"eut-isotope-item eut-portfolio-item  post-2882 portfolio type-portfolio status-publish has-post-thumbnail hentry portfolio_category-listed portfolio_category-residencial-listed-buildings\">\n\t\t\t\t\t\t\t\t\t\t\t\t\t<div class=\"eut-isotope-item-inner eut-fadeInUp\">\n\t\t\t\t\t\t\t\t\t\t\t\t\t<a href=\"http:\/\/paikz.com\/pl\/portfolio\/potocki-palace-krk\/\">\n\t\t\t\t\t\t\t\t\t\t\t\t<figure class=\"eut-hover-style-1 eut-image-hover eut-zoom-in eut-dark\">\n\n\t\t\t\t\t\t\t\t\t<div class=\"eut-media eut-dark-overlay eut-opacity-90\">\n\t\t\t\t\t\t\t\t\t\t\t\t<img src=\"http:\/\/paikz.com\/wp-content\/uploads\/2020\/10\/FB_1-4-e1603375800478-600x600.jpg\" title=\"PA\u0141AC POTOCKICH KRK\" alt=\"POTOCKI PALACE KRK\" width=\"600\" height=\"600\"\/>\n\t\t\t\t\t\t\t\t\t<\/div>\n\t\t\t\t\t\t\t\t\t<figcaption>\n\t\t\t\t\t\t\t\t\t\t\t\t\t\t\t\t\t\t\t\t\t\t\t\t\t\t\t\t\t\t<div class=\"eut-link-text eut-title eut-dark\">PA\u0141AC POTOCKICH KRK<\/div>\n\t\t\t\t\t\t\t\t\t\t\t\t\t\t\t\t\t\t\t\t\t\t\t\t\t\t\t\t\t\t<span class=\"eut-caption eut-dark\">Rynek G\u0142\u00f3wny 20, Krak\u00f3w 2000\/ 2001 <\/span>\n\t\t\t\t\t\t\t\t\t\t\t\t\t\t\t\t\t\t\t\t\t\t\t\t\t\t\t\t\t\t<span class=\"eut-portfolio-btns\"><\/span>\n\t\t\t\t\t\t\t\t\t\t\t\t\t\t\t\t\t\t\t<\/figcaption>\n\t\t\t\t\t\t\t\t<\/figure>\n\t\t\t\t\t\t\t\t<\/a>\t\t\t\t\t\t\t<\/div>\n\t\t\t\t\t\t\n\t\t\t\t\t<\/article>\n\t\t\t\t\t<article id=\"portfolio-2849-69d657c61c3b5\" class=\"eut-isotope-item eut-portfolio-item  post-2849 portfolio type-portfolio status-publish has-post-thumbnail hentry portfolio_category-interiors portfolio_category-listed portfolio_category-public-utility-listed-buildings portfolio_category-public-utility-interiors-interiors\">\n\t\t\t\t\t\t\t\t\t\t\t\t\t<div class=\"eut-isotope-item-inner eut-fadeInUp\">\n\t\t\t\t\t\t\t\t\t\t\t\t\t<a href=\"http:\/\/paikz.com\/pl\/portfolio\/historical-museum-lodz\/\">\n\t\t\t\t\t\t\t\t\t\t\t\t<figure class=\"eut-hover-style-1 eut-image-hover eut-zoom-in eut-dark\">\n\n\t\t\t\t\t\t\t\t\t<div class=\"eut-media eut-dark-overlay eut-opacity-90\">\n\t\t\t\t\t\t\t\t\t\t\t\t<img src=\"http:\/\/paikz.com\/wp-content\/uploads\/2020\/10\/FB_1_IMG_7351-e1603376357428-600x600.jpg\" title=\"PA\u0141AC POZNA\u0143SKICH \u0141\u00d3D\u0179\" alt=\"HISTORICAL MUSEUM \u0141\u00d3D\u0179\" width=\"600\" height=\"600\"\/>\n\t\t\t\t\t\t\t\t\t<\/div>\n\t\t\t\t\t\t\t\t\t<figcaption>\n\t\t\t\t\t\t\t\t\t\t\t\t\t\t\t\t\t\t\t\t\t\t\t\t\t\t\t\t\t\t<div class=\"eut-link-text eut-title eut-dark\">PA\u0141AC POZNA\u0143SKICH \u0141\u00d3D\u0179<\/div>\n\t\t\t\t\t\t\t\t\t\t\t\t\t\t\t\t\t\t\t\t\t\t\t\t\t\t\t\t\t\t<span class=\"eut-caption eut-dark\">Muzeum Historii Miasta \u0141odzi 2000<\/span>\n\t\t\t\t\t\t\t\t\t\t\t\t\t\t\t\t\t\t\t\t\t\t\t\t\t\t\t\t\t\t<span class=\"eut-portfolio-btns\"><\/span>\n\t\t\t\t\t\t\t\t\t\t\t\t\t\t\t\t\t\t\t<\/figcaption>\n\t\t\t\t\t\t\t\t<\/figure>\n\t\t\t\t\t\t\t\t<\/a>\t\t\t\t\t\t\t<\/div>\n\t\t\t\t\t\t\n\t\t\t\t\t<\/article>\n\t\t\t\t<\/div>\n\t\t\t<\/div>\n\n\t\t\n\t\t<\/div>\n\t  <\/div>  <div class=\"eut-bg-wrapper\">  <\/div><\/div><div  class=\"eut-section\"  style=\"margin-bottom: -100px;\" data-section-type=\"fullwidth-background\" data-image-type=\"none\" data-full-height=\"no\">  <div  class=\"eut-row eut-bookmark\">\n\t\t<div class=\"wpb_column eut-column-1\">\n\t\t\t\n\t<div class=\"wpb_raw_code wpb_content_element wpb_raw_html\">\n\t\t<div class=\"wpb_wrapper\">\n\t\t\t<div id=\"eut-nav-bar\" class=\"clearfix\">\n    <div class=\"eut-nav-item eut-prev eut-align-left\">\n        <a href=\"http:\/\/v141191.vhost.ceti.pl\/portfolio-architecture\/\">\n            <i class=\"eut-icon eut-icon-nav-left\"><\/i>\n            <span>ARCHITEKTURA<\/span>                 \n        <\/a>\n    <\/div>\n    <div class=\"eut-nav-item eut-backlink eut-align-center\">\n        <a href=\"http:\/\/v141191.vhost.ceti.pl\/portfolio-grid-3-columns\/\" class=\"eut-backlink\">\n            <i class=\"eut-icon eut-icon-th-large\"><\/i>\n        <\/a>\n    <\/div>\n    <div class=\"eut-nav-item eut-next eut-align-right\">\n        <a href=\"http:\/\/v141191.vhost.ceti.pl\/portfolio-interiors\/\">\n            <span>WN\u0118TRZA<\/span>\n            <i class=\"eut-icon eut-icon-nav-right\"><\/i>\n        <\/a>\n    <\/div>\n<\/div>\n\t\t<\/div>\n\t<\/div>\n\n\t\t<\/div>\n\t  <\/div>  <div class=\"eut-bg-wrapper\">  <\/div><\/div>","protected":false},"excerpt":{"rendered":"","protected":false},"author":1,"featured_media":0,"parent":0,"menu_order":0,"comment_status":"closed","ping_status":"closed","template":"","meta":[],"_links":{"self":[{"href":"http:\/\/paikz.com\/pl\/wp-json\/wp\/v2\/pages\/2569"}],"collection":[{"href":"http:\/\/paikz.com\/pl\/wp-json\/wp\/v2\/pages"}],"about":[{"href":"http:\/\/paikz.com\/pl\/wp-json\/wp\/v2\/types\/page"}],"author":[{"embeddable":true,"href":"http:\/\/paikz.com\/pl\/wp-json\/wp\/v2\/users\/1"}],"replies":[{"embeddable":true,"href":"http:\/\/paikz.com\/pl\/wp-json\/wp\/v2\/comments?post=2569"}],"version-history":[{"count":6,"href":"http:\/\/paikz.com\/pl\/wp-json\/wp\/v2\/pages\/2569\/revisions"}],"predecessor-version":[{"id":3034,"href":"http:\/\/paikz.com\/pl\/wp-json\/wp\/v2\/pages\/2569\/revisions\/3034"}],"wp:attachment":[{"href":"http:\/\/paikz.com\/pl\/wp-json\/wp\/v2\/media?parent=2569"}],"curies":[{"name":"wp","href":"https:\/\/api.w.org\/{rel}","templated":true}]}}